{"id":13161,"date":"2022-11-28T10:38:13","date_gmt":"2022-11-28T09:38:13","guid":{"rendered":"https:\/\/www.legea.ch\/casa\/"},"modified":"2025-06-23T19:22:30","modified_gmt":"2025-06-23T17:22:30","slug":"casa","status":"publish","type":"page","link":"https:\/\/www.legea.ch\/it\/","title":{"rendered":"home"},"content":{"rendered":"\t\t<div data-elementor-type=\"wp-page\" data-elementor-id=\"13161\" class=\"elementor elementor-13161\" data-elementor-post-type=\"page\">\n\t\t\t\t\t\t<section class=\"elementor-section elementor-top-section elementor-element elementor-element-9a6b4c1 elementor-section-full_width elementor-section-height-full elementor-section-items-bottom elementor-section-height-default\" data-id=\"9a6b4c1\" data-element_type=\"section\" data-e-type=\"section\" data-settings=\"{&quot;background_background&quot;:&quot;slideshow&quot;,&quot;background_slideshow_gallery&quot;:[{&quot;id&quot;:3723,&quot;url&quot;:&quot;https:\\\/\\\/www.legea.ch\\\/wp-content\\\/uploads\\\/2024\\\/01\\\/socks-1760x788-1.jpeg&quot;},{&quot;id&quot;:3722,&quot;url&quot;:&quot;https:\\\/\\\/www.legea.ch\\\/wp-content\\\/uploads\\\/2024\\\/01\\\/shoes-1760x788-1.jpeg&quot;},{&quot;id&quot;:3724,&quot;url&quot;:&quot;https:\\\/\\\/www.legea.ch\\\/wp-content\\\/uploads\\\/2024\\\/01\\\/training-1760x788-1.jpeg&quot;},{&quot;id&quot;:3721,&quot;url&quot;:&quot;https:\\\/\\\/www.legea.ch\\\/wp-content\\\/uploads\\\/2024\\\/01\\\/balls-1760x788-1.jpeg&quot;},{&quot;id&quot;:3720,&quot;url&quot;:&quot;https:\\\/\\\/www.legea.ch\\\/wp-content\\\/uploads\\\/2024\\\/01\\\/bags-1760x788-1.jpeg&quot;},{&quot;id&quot;:3718,&quot;url&quot;:&quot;https:\\\/\\\/www.legea.ch\\\/wp-content\\\/uploads\\\/2024\\\/01\\\/training-banner-1760x845-2.jpg&quot;},{&quot;id&quot;:3712,&quot;url&quot;:&quot;https:\\\/\\\/www.legea.ch\\\/wp-content\\\/uploads\\\/2024\\\/01\\\/fashion-banner-1760x845-1.jpg&quot;}],&quot;background_slideshow_ken_burns&quot;:&quot;yes&quot;,&quot;background_slideshow_loop&quot;:&quot;yes&quot;,&quot;background_slideshow_slide_duration&quot;:5000,&quot;background_slideshow_slide_transition&quot;:&quot;fade&quot;,&quot;background_slideshow_transition_duration&quot;:500,&quot;background_slideshow_ken_burns_zoom_direction&quot;:&quot;in&quot;}\">\n\t\t\t\t\t\t\t<div class=\"elementor-background-overlay\"><\/div>\n\t\t\t\t\t\t\t<div class=\"elementor-container elementor-column-gap-default\">\n\t\t\t\t\t<div class=\"elementor-column elementor-col-100 elementor-top-column elementor-element elementor-element-ba05d66\" data-id=\"ba05d66\" data-element_type=\"column\" data-e-type=\"column\">\n\t\t\t<div class=\"elementor-widget-wrap elementor-element-populated\">\n\t\t\t\t\t\t<div class=\"elementor-element elementor-element-1cfdd6e elementor-widget elementor-widget-heading\" data-id=\"1cfdd6e\" data-element_type=\"widget\" data-e-type=\"widget\" data-widget_type=\"heading.default\">\n\t\t\t\t<div class=\"elementor-widget-container\">\n\t\t\t\t\t<h2 class=\"elementor-heading-title elementor-size-default\">WORLD <\/h2>\t\t\t\t<\/div>\n\t\t\t\t<\/div>\n\t\t\t\t<div class=\"elementor-element elementor-element-6661392 elementor-widget elementor-widget-heading\" data-id=\"6661392\" data-element_type=\"widget\" data-e-type=\"widget\" data-widget_type=\"heading.default\">\n\t\t\t\t<div class=\"elementor-widget-container\">\n\t\t\t\t\t<h2 class=\"elementor-heading-title elementor-size-default\">SPORT<\/h2>\t\t\t\t<\/div>\n\t\t\t\t<\/div>\n\t\t\t\t<div class=\"elementor-element elementor-element-20c0ea8 elementor-widget elementor-widget-heading\" data-id=\"20c0ea8\" data-element_type=\"widget\" data-e-type=\"widget\" data-widget_type=\"heading.default\">\n\t\t\t\t<div class=\"elementor-widget-container\">\n\t\t\t\t\t<h2 class=\"elementor-heading-title elementor-size-default\">POINT<\/h2>\t\t\t\t<\/div>\n\t\t\t\t<\/div>\n\t\t\t\t\t<\/div>\n\t\t<\/div>\n\t\t\t\t\t<\/div>\n\t\t<\/section>\n\t\t\t\t<section class=\"elementor-section elementor-top-section elementor-element elementor-element-cb1ca68 elementor-section-full_width elementor-section-height-default elementor-section-height-default\" data-id=\"cb1ca68\" data-element_type=\"section\" data-e-type=\"section\" data-settings=\"{&quot;background_background&quot;:&quot;classic&quot;}\">\n\t\t\t\t\t\t<div class=\"elementor-container elementor-column-gap-default\">\n\t\t\t\t\t<div class=\"elementor-column elementor-col-100 elementor-top-column elementor-element elementor-element-dbdb637\" data-id=\"dbdb637\" data-element_type=\"column\" data-e-type=\"column\">\n\t\t\t<div class=\"elementor-widget-wrap elementor-element-populated\">\n\t\t\t\t\t\t<div class=\"elementor-element elementor-element-26a538d elementor-widget__width-initial elementor-widget elementor-widget-stronger_core_section_title\" data-id=\"26a538d\" data-element_type=\"widget\" data-e-type=\"widget\" data-widget_type=\"stronger_core_section_title.default\">\n\t\t\t\t<div class=\"elementor-widget-container\">\n\t\t\t\t\t<div class=\"qodef-shortcode qodef-m  qodef-section-title qodef-alignment--center \">\n\t\t<h2 class=\"qodef-m-title\" style=\"color: #FFFFFF\">\n\t\t\t\t\tIL VOSTRO CENTRO SPORTIVO\t\t\t<\/h2>\n\t<\/div>\n\t\t\t\t<\/div>\n\t\t\t\t<\/div>\n\t\t\t\t<div class=\"elementor-element elementor-element-6038e66 elementor-widget__width-initial elementor-widget elementor-widget-text-editor\" data-id=\"6038e66\" data-element_type=\"widget\" data-e-type=\"widget\" data-widget_type=\"text-editor.default\">\n\t\t\t\t<div class=\"elementor-widget-container\">\n\t\t\t\t\t\t\t\t\t<p>Legea Swiss \u00e8 il punto di riferimento nazionale per il marchio italiano LEGEA, azienda leader nel settore dell\u2019abbigliamento sportivo e per il tempo libero.<\/p>\n<p>La nostra missione quotidiana \u00e8 quella di soddisfare le richieste e le esigenze dei nostri clienti sportivi, siano essi professionisti o dilettanti. Per questo LEGEA si \u201callena\u201d giorno dopo giorno per migliorare e soddisfare sempre le richieste del mercato. Lo sport \u00e8 una cosa seria; \u00e8 un aspetto molto importante che occupa un posto di rilievo nella vita di ognuno di noi. LEGEA Swiss ne \u00e8 consapevole e per questo sostiene in primo luogo le attivit\u00e0 sportive con ideali profondi, al fine di promuoverne la crescita.<\/p>\n\t\t\t\t\t\t\t\t<\/div>\n\t\t\t\t<\/div>\n\t\t\t\t\t<\/div>\n\t\t<\/div>\n\t\t\t\t\t<\/div>\n\t\t<\/section>\n\t\t\t\t<section class=\"elementor-section elementor-top-section elementor-element elementor-element-97c7e99 elementor-section-full_width elementor-section-content-middle elementor-section-height-min-height elementor-section-height-default elementor-section-items-middle\" data-id=\"97c7e99\" data-element_type=\"section\" data-e-type=\"section\">\n\t\t\t\t\t\t<div class=\"elementor-container elementor-column-gap-default\">\n\t\t\t\t\t<div class=\"elementor-column elementor-col-50 elementor-top-column elementor-element elementor-element-d5ed2aa qodef-column-reveal-right\" data-id=\"d5ed2aa\" data-element_type=\"column\" data-e-type=\"column\" data-settings=\"{&quot;background_background&quot;:&quot;classic&quot;}\">\n\t\t\t<div class=\"elementor-widget-wrap elementor-element-populated\">\n\t\t\t\t\t<div class=\"elementor-background-overlay\"><\/div>\n\t\t\t\t\t\t<div class=\"elementor-element elementor-element-d303996 elementor-widget elementor-widget-spacer\" data-id=\"d303996\" data-element_type=\"widget\" data-e-type=\"widget\" data-widget_type=\"spacer.default\">\n\t\t\t\t<div class=\"elementor-widget-container\">\n\t\t\t\t\t\t\t<div class=\"elementor-spacer\">\n\t\t\t<div class=\"elementor-spacer-inner\"><\/div>\n\t\t<\/div>\n\t\t\t\t\t\t<\/div>\n\t\t\t\t<\/div>\n\t\t\t\t\t<\/div>\n\t\t<\/div>\n\t\t\t\t<div class=\"elementor-column elementor-col-50 elementor-top-column elementor-element elementor-element-f61c0ab qodef-column-reveal-left\" data-id=\"f61c0ab\" data-element_type=\"column\" data-e-type=\"column\" data-settings=\"{&quot;background_background&quot;:&quot;classic&quot;}\">\n\t\t\t<div class=\"elementor-widget-wrap elementor-element-populated\">\n\t\t\t\t\t\t<div class=\"elementor-element elementor-element-cb17eb1 elementor-widget elementor-widget-spacer\" data-id=\"cb17eb1\" data-element_type=\"widget\" data-e-type=\"widget\" data-widget_type=\"spacer.default\">\n\t\t\t\t<div class=\"elementor-widget-container\">\n\t\t\t\t\t\t\t<div class=\"elementor-spacer\">\n\t\t\t<div class=\"elementor-spacer-inner\"><\/div>\n\t\t<\/div>\n\t\t\t\t\t\t<\/div>\n\t\t\t\t<\/div>\n\t\t\t\t\t<\/div>\n\t\t<\/div>\n\t\t\t\t\t<\/div>\n\t\t<\/section>\n\t\t\t\t<section class=\"elementor-section elementor-top-section elementor-element elementor-element-94bc0f0 elementor-section-full_width qodef-elementor-content-grid elementor-section-height-default elementor-section-height-default\" data-id=\"94bc0f0\" data-element_type=\"section\" data-e-type=\"section\">\n\t\t\t\t\t\t<div class=\"elementor-container elementor-column-gap-default\">\n\t\t\t\t\t<div class=\"elementor-column elementor-col-100 elementor-top-column elementor-element elementor-element-5ace3f8\" data-id=\"5ace3f8\" data-element_type=\"column\" data-e-type=\"column\">\n\t\t\t<div class=\"elementor-widget-wrap elementor-element-populated\">\n\t\t\t\t\t\t<div class=\"elementor-element elementor-element-99f2210 elementor-hidden-desktop elementor-hidden-tablet elementor-widget elementor-widget-heading\" data-id=\"99f2210\" data-element_type=\"widget\" data-e-type=\"widget\" data-widget_type=\"heading.default\">\n\t\t\t\t<div class=\"elementor-widget-container\">\n\t\t\t\t\t<h2 class=\"elementor-heading-title elementor-size-default\"><a href=\"https:\/\/www.legea.it\/LegeaOfficial\/Downloads\/LegeaCatalogoTecnico2023.pdf\" target=\"_blank\">SPORTBEKLEIDUNG<\/a><\/h2>\t\t\t\t<\/div>\n\t\t\t\t<\/div>\n\t\t\t\t<div class=\"elementor-element elementor-element-26d1d81 elementor-hidden-desktop elementor-hidden-tablet elementor-widget elementor-widget-heading\" data-id=\"26d1d81\" data-element_type=\"widget\" data-e-type=\"widget\" data-widget_type=\"heading.default\">\n\t\t\t\t<div class=\"elementor-widget-container\">\n\t\t\t\t\t<h2 class=\"elementor-heading-title elementor-size-default\"><a href=\"https:\/\/www.legea.ch\/wp-content\/uploads\/2024\/02\/ad-hoc-production-WSP.pdf\" target=\"_blank\">TEXTILPRODUKTIONEN<\/a><\/h2>\t\t\t\t<\/div>\n\t\t\t\t<\/div>\n\t\t\t\t<div class=\"elementor-element elementor-element-016e8c7 elementor-hidden-desktop elementor-hidden-tablet elementor-widget elementor-widget-heading\" data-id=\"016e8c7\" data-element_type=\"widget\" data-e-type=\"widget\" data-widget_type=\"heading.default\">\n\t\t\t\t<div class=\"elementor-widget-container\">\n\t\t\t\t\t<h2 class=\"elementor-heading-title elementor-size-default\"><a href=\"https:\/\/www.legea.ch\/it\/abbigliamento-personalizzato\/\" target=\"_blank\"> PERSONALISIERTE KLEIDUNG<\/a><\/h2>\t\t\t\t<\/div>\n\t\t\t\t<\/div>\n\t\t\t\t<div class=\"elementor-element elementor-element-da6d039 elementor-hidden-mobile elementor-widget elementor-widget-stronger_core_interactive_link_showcase\" data-id=\"da6d039\" data-element_type=\"widget\" data-e-type=\"widget\" data-widget_type=\"stronger_core_interactive_link_showcase.default\">\n\t\t\t\t<div class=\"elementor-widget-container\">\n\t\t\t\t\t<div class=\"qodef-shortcode qodef-m  qodef-interactive-link-showcase qodef-layout--interactive-list \" >\n\t<div class=\"qodef-m-items\">\n\t\t\t\t\t<a itemprop=\"url\" class=\"qodef-m-item qodef-e\" href=\"https:\/\/www.legea.it\/LegeaOfficial\/Downloads\/LegeaCatalogoTecnico2023.pdf\" target=\"_self\" data-index=\"0\">\n\t\t\t\t<span class=\"qodef-e-title\">ABBIGLIAMENTO CORPORATE<\/span>\n\t\t\t\t\t\t\t<\/a>\n\t\t\t\t\t<a itemprop=\"url\" class=\"qodef-m-item qodef-e\" href=\"https:\/\/www.legea.ch\/wp-content\/uploads\/2024\/02\/ad-hoc-production-WSP.pdf\" target=\"_self\" data-index=\"1\">\n\t\t\t\t<span class=\"qodef-e-title\">PRODUZIONI TESSILI<\/span>\n\t\t\t\t\t\t\t<\/a>\n\t\t\t\t\t<a itemprop=\"url\" class=\"qodef-m-item qodef-e\" href=\"https:\/\/www.legea.ch\/cataloghi\/\" target=\"_self\" data-index=\"2\">\n\t\t\t\t<span class=\"qodef-e-title\">  ABBIGLIAMENTO PERSONALIZZATO<\/span>\n\t\t\t\t\t\t\t<\/a>\n\t\t\t<\/div>\n<\/div>\n\t\t\t\t<\/div>\n\t\t\t\t<\/div>\n\t\t\t\t\t<\/div>\n\t\t<\/div>\n\t\t\t\t\t<\/div>\n\t\t<\/section>\n\t\t\t\t<section class=\"elementor-section elementor-top-section elementor-element elementor-element-dcb5b5d elementor-section-full_width qodef-elementor-content-grid elementor-section-height-default elementor-section-height-default\" data-id=\"dcb5b5d\" data-element_type=\"section\" data-e-type=\"section\">\n\t\t\t\t\t\t<div class=\"elementor-container elementor-column-gap-default\">\n\t\t\t\t\t<div class=\"elementor-column elementor-col-100 elementor-top-column elementor-element elementor-element-4eb9877\" data-id=\"4eb9877\" data-element_type=\"column\" data-e-type=\"column\">\n\t\t\t<div class=\"elementor-widget-wrap elementor-element-populated\">\n\t\t\t\t\t\t<section class=\"elementor-section elementor-inner-section elementor-element elementor-element-2a7f3ed elementor-section-full_width elementor-section-height-min-height elementor-section-height-default\" data-id=\"2a7f3ed\" data-element_type=\"section\" data-e-type=\"section\">\n\t\t\t\t\t\t<div class=\"elementor-container elementor-column-gap-default\">\n\t\t\t\t\t<div class=\"elementor-column elementor-col-25 elementor-inner-column elementor-element elementor-element-62f5229 qodef-cut-borders-yes\" data-id=\"62f5229\" data-element_type=\"column\" data-e-type=\"column\">\n\t\t\t<div class=\"elementor-widget-wrap elementor-element-populated\">\n\t\t\t\t\t\t<div class=\"elementor-element elementor-element-1b3438b elementor-widget elementor-widget-stronger_core_counter\" data-id=\"1b3438b\" data-element_type=\"widget\" data-e-type=\"widget\" data-widget_type=\"stronger_core_counter.default\">\n\t\t\t\t<div class=\"elementor-widget-container\">\n\t\t\t\t\t<div class=\"qodef-shortcode qodef-m  qodef-counter qodef-layout--simple\" data-start-digit=\"1\" data-end-digit=\"9\">\n\t<div class=\"qodef-m-digit-wrapper\">\n\t\t<span class=\"qodef-m-digit\" style=\"font-size: 82px\"><\/span>\n\t<\/div>\n\t<div class=\"qodef-m-content\">\n\t\t\t<h6 class=\"qodef-m-title\" >\n\t\t\t\t\tMolti anni di esperienza\t\t\t<\/h6>\n\t\t\t<\/div>\n<\/div>\n\t\t\t\t<\/div>\n\t\t\t\t<\/div>\n\t\t\t\t\t<\/div>\n\t\t<\/div>\n\t\t\t\t<div class=\"elementor-column elementor-col-25 elementor-inner-column elementor-element elementor-element-dd99524 qodef-cut-borders-yes\" data-id=\"dd99524\" data-element_type=\"column\" data-e-type=\"column\">\n\t\t\t<div class=\"elementor-widget-wrap elementor-element-populated\">\n\t\t\t\t\t\t<div class=\"elementor-element elementor-element-f2c0959 elementor-widget elementor-widget-stronger_core_counter\" data-id=\"f2c0959\" data-element_type=\"widget\" data-e-type=\"widget\" data-widget_type=\"stronger_core_counter.default\">\n\t\t\t\t<div class=\"elementor-widget-container\">\n\t\t\t\t\t<div class=\"qodef-shortcode qodef-m  qodef-counter qodef-layout--simple\" data-start-digit=\"1\" data-end-digit=\"100\">\n\t<div class=\"qodef-m-digit-wrapper\">\n\t\t<span class=\"qodef-m-digit\" style=\"font-size: 82px\"><\/span>\n\t<\/div>\n\t<div class=\"qodef-m-content\">\n\t\t\t<h6 class=\"qodef-m-title\" >\n\t\t\t\t\tAssociazione\t\t\t<\/h6>\n\t\t\t<\/div>\n<\/div>\n\t\t\t\t<\/div>\n\t\t\t\t<\/div>\n\t\t\t\t\t<\/div>\n\t\t<\/div>\n\t\t\t\t<div class=\"elementor-column elementor-col-25 elementor-inner-column elementor-element elementor-element-1dc93de qodef-cut-borders-yes\" data-id=\"1dc93de\" data-element_type=\"column\" data-e-type=\"column\">\n\t\t\t<div class=\"elementor-widget-wrap elementor-element-populated\">\n\t\t\t\t\t\t<div class=\"elementor-element elementor-element-5cb5039 elementor-widget elementor-widget-stronger_core_counter\" data-id=\"5cb5039\" data-element_type=\"widget\" data-e-type=\"widget\" data-widget_type=\"stronger_core_counter.default\">\n\t\t\t\t<div class=\"elementor-widget-container\">\n\t\t\t\t\t<div class=\"qodef-shortcode qodef-m  qodef-counter qodef-layout--simple\" data-start-digit=\"900\" data-end-digit=\"1000\" data-step-digit=\"3\" data-digit-label=\"+\">\n\t<div class=\"qodef-m-digit-wrapper\">\n\t\t<span class=\"qodef-m-digit\" style=\"font-size: 82px\"><\/span>\n\t<\/div>\n\t<div class=\"qodef-m-content\">\n\t\t\t<h6 class=\"qodef-m-title\" >\n\t\t\t\t\tProdotti\t\t\t<\/h6>\n\t\t\t<\/div>\n<\/div>\n\t\t\t\t<\/div>\n\t\t\t\t<\/div>\n\t\t\t\t\t<\/div>\n\t\t<\/div>\n\t\t\t\t<div class=\"elementor-column elementor-col-25 elementor-inner-column elementor-element elementor-element-6741307 qodef-cut-borders-yes\" data-id=\"6741307\" data-element_type=\"column\" data-e-type=\"column\">\n\t\t\t<div class=\"elementor-widget-wrap elementor-element-populated\">\n\t\t\t\t\t\t<div class=\"elementor-element elementor-element-73f0e42 elementor-widget elementor-widget-stronger_core_counter\" data-id=\"73f0e42\" data-element_type=\"widget\" data-e-type=\"widget\" data-widget_type=\"stronger_core_counter.default\">\n\t\t\t\t<div class=\"elementor-widget-container\">\n\t\t\t\t\t<div class=\"qodef-shortcode qodef-m  qodef-counter qodef-layout--simple\" data-start-digit=\"1600\" data-end-digit=\"2100\" data-step-digit=\"20\" data-digit-label=\"+\">\n\t<div class=\"qodef-m-digit-wrapper\">\n\t\t<span class=\"qodef-m-digit\" style=\"font-size: 82px\"><\/span>\n\t<\/div>\n\t<div class=\"qodef-m-content\">\n\t\t\t<h6 class=\"qodef-m-title\" >\n\t\t\t\t\t membri felici\t\t\t<\/h6>\n\t\t\t<\/div>\n<\/div>\n\t\t\t\t<\/div>\n\t\t\t\t<\/div>\n\t\t\t\t\t<\/div>\n\t\t<\/div>\n\t\t\t\t\t<\/div>\n\t\t<\/section>\n\t\t\t\t\t<\/div>\n\t\t<\/div>\n\t\t\t\t\t<\/div>\n\t\t<\/section>\n\t\t\t\t<section class=\"elementor-section elementor-top-section elementor-element elementor-element-53c81c9 elementor-section-full_width elementor-section-height-min-height elementor-section-items-stretch elementor-section-height-default\" data-id=\"53c81c9\" data-element_type=\"section\" data-e-type=\"section\">\n\t\t\t\t\t\t<div class=\"elementor-container elementor-column-gap-no\">\n\t\t\t\t\t<div class=\"elementor-column elementor-col-50 elementor-top-column elementor-element elementor-element-18eccd72\" data-id=\"18eccd72\" data-element_type=\"column\" data-e-type=\"column\" data-settings=\"{&quot;background_background&quot;:&quot;classic&quot;}\">\n\t\t\t<div class=\"elementor-widget-wrap elementor-element-populated\">\n\t\t\t\t\t\t<section class=\"elementor-section elementor-inner-section elementor-element elementor-element-6ce2d125 elementor-section-boxed elementor-section-height-default elementor-section-height-default\" data-id=\"6ce2d125\" data-element_type=\"section\" data-e-type=\"section\">\n\t\t\t\t\t\t<div class=\"elementor-container elementor-column-gap-default\">\n\t\t\t\t\t<div class=\"elementor-column elementor-col-33 elementor-inner-column elementor-element elementor-element-d7d0b81\" data-id=\"d7d0b81\" data-element_type=\"column\" data-e-type=\"column\">\n\t\t\t<div class=\"elementor-widget-wrap elementor-element-populated\">\n\t\t\t\t\t\t<div class=\"elementor-element elementor-element-adbf76c elementor-widget elementor-widget-image\" data-id=\"adbf76c\" data-element_type=\"widget\" data-e-type=\"widget\" data-widget_type=\"image.default\">\n\t\t\t\t<div class=\"elementor-widget-container\">\n\t\t\t\t\t\t\t\t\t\t\t\t\t\t\t<img fetchpriority=\"high\" decoding=\"async\" width=\"1030\" height=\"324\" src=\"https:\/\/www.legea.ch\/wp-content\/uploads\/2022\/01\/LEGEA-SWISS_Black-1-1030x324.png\" class=\"attachment-large size-large wp-image-3052\" alt=\"\" srcset=\"https:\/\/www.legea.ch\/wp-content\/uploads\/2022\/01\/LEGEA-SWISS_Black-1-1030x324.png 1030w, https:\/\/www.legea.ch\/wp-content\/uploads\/2022\/01\/LEGEA-SWISS_Black-1-300x94.png 300w, https:\/\/www.legea.ch\/wp-content\/uploads\/2022\/01\/LEGEA-SWISS_Black-1-768x241.png 768w, https:\/\/www.legea.ch\/wp-content\/uploads\/2022\/01\/LEGEA-SWISS_Black-1-1536x483.png 1536w, https:\/\/www.legea.ch\/wp-content\/uploads\/2022\/01\/LEGEA-SWISS_Black-1-2048x643.png 2048w, https:\/\/www.legea.ch\/wp-content\/uploads\/2022\/01\/LEGEA-SWISS_Black-1-953x299.png 953w, https:\/\/www.legea.ch\/wp-content\/uploads\/2022\/01\/LEGEA-SWISS_Black-1-600x189.png 600w\" sizes=\"(max-width: 1030px) 100vw, 1030px\" \/>\t\t\t\t\t\t\t\t\t\t\t\t\t\t\t<\/div>\n\t\t\t\t<\/div>\n\t\t\t\t\t<\/div>\n\t\t<\/div>\n\t\t\t\t<div class=\"elementor-column elementor-col-33 elementor-inner-column elementor-element elementor-element-772bf5cf\" data-id=\"772bf5cf\" data-element_type=\"column\" data-e-type=\"column\">\n\t\t\t<div class=\"elementor-widget-wrap\">\n\t\t\t\t\t\t\t<\/div>\n\t\t<\/div>\n\t\t\t\t<div class=\"elementor-column elementor-col-33 elementor-inner-column elementor-element elementor-element-3f30c1f9\" data-id=\"3f30c1f9\" data-element_type=\"column\" data-e-type=\"column\">\n\t\t\t<div class=\"elementor-widget-wrap elementor-element-populated\">\n\t\t\t\t\t\t<div class=\"elementor-element elementor-element-6d014e6f elementor-widget elementor-widget-text-editor\" data-id=\"6d014e6f\" data-element_type=\"widget\" data-e-type=\"widget\" data-widget_type=\"text-editor.default\">\n\t\t\t\t<div class=\"elementor-widget-container\">\n\t\t\t\t\t\t\t\t\t<p><strong><em>Moda e abbigliamento tecnico sportivo<\/em><\/strong><\/p>\n<p>Business Park Lucerna Littauerboden 1 CH-6014 Lucerna<\/p>\n<p><strong>Telefono <\/strong>+41 76 371 59 56<\/p>\n<p><b>Mail <\/b>info@legea.ch<span class=\"s2\"><br \/><\/span><\/p>\n\t\t\t\t\t\t\t\t<\/div>\n\t\t\t\t<\/div>\n\t\t\t\t\t<\/div>\n\t\t<\/div>\n\t\t\t\t\t<\/div>\n\t\t<\/section>\n\t\t\t\t\t<\/div>\n\t\t<\/div>\n\t\t\t\t<div class=\"elementor-column elementor-col-50 elementor-top-column elementor-element elementor-element-5c6d4bea\" data-id=\"5c6d4bea\" data-element_type=\"column\" data-e-type=\"column\" data-settings=\"{&quot;background_background&quot;:&quot;classic&quot;}\">\n\t\t\t<div class=\"elementor-widget-wrap elementor-element-populated\">\n\t\t\t\t\t\t<div class=\"elementor-element elementor-element-64af19d4 elementor-widget elementor-widget-heading\" data-id=\"64af19d4\" data-element_type=\"widget\" data-e-type=\"widget\" data-widget_type=\"heading.default\">\n\t\t\t\t<div class=\"elementor-widget-container\">\n\t\t\t\t\t<h2 class=\"elementor-heading-title elementor-size-default\">CONTATTI<\/h2>\t\t\t\t<\/div>\n\t\t\t\t<\/div>\n\t\t\t\t<div class=\"elementor-element elementor-element-786e940d elementor-icon-list--layout-inline elementor-align-start elementor-tablet-align-center elementor-list-item-link-full_width elementor-widget elementor-widget-icon-list\" data-id=\"786e940d\" data-element_type=\"widget\" data-e-type=\"widget\" data-widget_type=\"icon-list.default\">\n\t\t\t\t<div class=\"elementor-widget-container\">\n\t\t\t\t\t\t\t<ul class=\"elementor-icon-list-items elementor-inline-items\">\n\t\t\t\t\t\t\t<li class=\"elementor-icon-list-item elementor-inline-item\">\n\t\t\t\t\t\t\t\t\t\t\t<a href=\"https:\/\/www.facebook.com\/legea.ch\/events\/?paipv=0&eav=AfYeY-K5TzxuCbqbZLYWtSrSESnCLbeGI9YwwDobFhWgJVCGlOuvSWRlSdllMh6zv2E&_rdr\" target=\"_blank\">\n\n\t\t\t\t\t\t\t\t\t\t\t\t<span class=\"elementor-icon-list-icon\">\n\t\t\t\t\t\t\t<i aria-hidden=\"true\" class=\"fab fa-facebook-f\"><\/i>\t\t\t\t\t\t<\/span>\n\t\t\t\t\t\t\t\t\t\t<span class=\"elementor-icon-list-text\"><\/span>\n\t\t\t\t\t\t\t\t\t\t\t<\/a>\n\t\t\t\t\t\t\t\t\t<\/li>\n\t\t\t\t\t\t\t\t<li class=\"elementor-icon-list-item elementor-inline-item\">\n\t\t\t\t\t\t\t\t\t\t\t<a href=\"https:\/\/www.instagram.com\/legea_swiss_world_sportpoint?utm_source=ig_web_button_share_sheet&igsh=ZDNlZDc0MzIxNw==\" target=\"_blank\">\n\n\t\t\t\t\t\t\t\t\t\t\t\t<span class=\"elementor-icon-list-icon\">\n\t\t\t\t\t\t\t<i aria-hidden=\"true\" class=\"fab fa-instagram\"><\/i>\t\t\t\t\t\t<\/span>\n\t\t\t\t\t\t\t\t\t\t<span class=\"elementor-icon-list-text\"><\/span>\n\t\t\t\t\t\t\t\t\t\t\t<\/a>\n\t\t\t\t\t\t\t\t\t<\/li>\n\t\t\t\t\t\t<\/ul>\n\t\t\t\t\t\t<\/div>\n\t\t\t\t<\/div>\n\t\t\t\t<div class=\"elementor-element elementor-element-5000ad8 elementor-widget elementor-widget-image\" data-id=\"5000ad8\" data-element_type=\"widget\" data-e-type=\"widget\" data-widget_type=\"image.default\">\n\t\t\t\t<div class=\"elementor-widget-container\">\n\t\t\t\t\t\t\t\t\t\t\t\t\t\t\t<img decoding=\"async\" width=\"726\" height=\"260\" src=\"https:\/\/www.legea.ch\/wp-content\/uploads\/2021\/01\/ccis2_newsite.png\" class=\"attachment-large size-large wp-image-1243\" alt=\"\" srcset=\"https:\/\/www.legea.ch\/wp-content\/uploads\/2021\/01\/ccis2_newsite.png 726w, https:\/\/www.legea.ch\/wp-content\/uploads\/2021\/01\/ccis2_newsite-600x215.png 600w, https:\/\/www.legea.ch\/wp-content\/uploads\/2021\/01\/ccis2_newsite-300x107.png 300w, https:\/\/www.legea.ch\/wp-content\/uploads\/2021\/01\/ccis2_newsite-705x252.png 705w\" sizes=\"(max-width: 726px) 100vw, 726px\" \/>\t\t\t\t\t\t\t\t\t\t\t\t\t\t\t<\/div>\n\t\t\t\t<\/div>\n\t\t\t\t\t<\/div>\n\t\t<\/div>\n\t\t\t\t\t<\/div>\n\t\t<\/section>\n\t\t\t\t<\/div>\n\t\t","protected":false},"excerpt":{"rendered":"<p>WORLD SPORT POINT IL VOSTRO CENTRO SPORTIVO Legea Swiss \u00e8 il punto di riferimento nazionale per il marchio italiano LEGEA, azienda leader nel settore dell\u2019abbigliamento sportivo e per il tempo libero. La nostra missione quotidiana \u00e8 quella di soddisfare le richieste e le esigenze dei nostri clienti sportivi, siano essi professionisti o dilettanti. Per questo [&hellip;]<\/p>\n","protected":false},"author":3,"featured_media":0,"parent":0,"menu_order":0,"comment_status":"closed","ping_status":"closed","template":"page-full-width.php","meta":{"footnotes":""},"class_list":["post-13161","page","type-page","status-publish","hentry"],"_links":{"self":[{"href":"https:\/\/www.legea.ch\/it\/wp-json\/wp\/v2\/pages\/13161","targetHints":{"allow":["GET"]}}],"collection":[{"href":"https:\/\/www.legea.ch\/it\/wp-json\/wp\/v2\/pages"}],"about":[{"href":"https:\/\/www.legea.ch\/it\/wp-json\/wp\/v2\/types\/page"}],"author":[{"embeddable":true,"href":"https:\/\/www.legea.ch\/it\/wp-json\/wp\/v2\/users\/3"}],"replies":[{"embeddable":true,"href":"https:\/\/www.legea.ch\/it\/wp-json\/wp\/v2\/comments?post=13161"}],"version-history":[{"count":96,"href":"https:\/\/www.legea.ch\/it\/wp-json\/wp\/v2\/pages\/13161\/revisions"}],"predecessor-version":[{"id":15143,"href":"https:\/\/www.legea.ch\/it\/wp-json\/wp\/v2\/pages\/13161\/revisions\/15143"}],"wp:attachment":[{"href":"https:\/\/www.legea.ch\/it\/wp-json\/wp\/v2\/media?parent=13161"}],"curies":[{"name":"wp","href":"https:\/\/api.w.org\/{rel}","templated":true}]}}